{"id":4207,"date":"2024-05-06T15:26:27","date_gmt":"2024-05-06T15:26:27","guid":{"rendered":"https:\/\/all-motors.vovtest.isolly.com\/condiciones-de-servici\/"},"modified":"2024-10-17T16:05:01","modified_gmt":"2024-10-17T16:05:01","slug":"condiciones-de-servici","status":"publish","type":"page","link":"https:\/\/pumps.vovtest.isolly.com\/es\/condiciones-de-servici\/","title":{"rendered":"T\u00e9rminos y Condiciones Generales"},"content":{"rendered":"\n<p>Aceptaci\u00f3n: Todos los pedidos est\u00e1n sujetos al reconocimiento y aceptaci\u00f3n por escrito de AMED-US. Estos t\u00e9rminos y condiciones se aceptan al recibir la entrega de los bienes reflejados en la factura adjunta o asociada a la misma.<\/p>\n\n\n\n<p>Arbitraje: Cualquier disputa surgida o relacionada con esta factura se resolver\u00e1 mediante arbitraje en Miami, Florida, conforme a las reglas de arbitraje comercial del<\/p>\n\n\n\n<p>Asociaci\u00f3n Americana de Arbitraje.<\/p>\n\n\n\n<p>Modificaci\u00f3n: Estos T\u00e9rminos y Condiciones est\u00e1n sujetos a modificaci\u00f3n \u00fanicamente por escrito y firmados por ambas partes.<\/p>\n\n\n\n<p>Reclamos: Cualquier reclamo relacionado con productos defectuosos o da\u00f1ados debe realizarse por escrito ante la oficina central dentro de los tres d\u00edas posteriores a su descubrimiento. Es responsabilidad de la parte receptora inspeccionar los productos al recibirlos. Cualquier da\u00f1o debe ser anotado en el conocimiento de embarque del cami\u00f3n. Los reclamos por da\u00f1os durante el transporte deben presentarse directamente a la compa\u00f1\u00eda de transporte; AMED-US no se hace responsable de dichos reclamos. Cualquier reclamo de garant\u00eda y devoluci\u00f3n requiere aprobaci\u00f3n previa por escrito de AMED-US.<\/p>\n\n\n\n<p>Retrasos: AMED-US no aceptar\u00e1 responsabilidad por retrasos m\u00e1s all\u00e1 de su control razonable, incluyendo, pero no limitado a, incidentes de guerra, huelga, p\u00e9rdida del veh\u00edculo transportador, embargo, entrega tard\u00eda de materiales, cambios en especificaciones o instrucciones, etc. AMED-US se reserva el derecho de cobrar por cualquier retraso derivado de circunstancias especiales, necesidades de arreglos y requisitos o restricciones relacionadas con la entrega requeridas por el comprador que no fueron reveladas antes del despacho y\/o sobre condiciones del sitio o excavaciones que no fueron reveladas antes de la cotizaci\u00f3n, o que surjan despu\u00e9s de proporcionada la cotizaci\u00f3n, independientemente de la causa o circunstancia. Escalada: Si alg\u00fan acuerdo se extendiera significativamente en cantidad o tiempo, entonces AMED-US se reserva el derecho, a su discreci\u00f3n, de aplicar una escalada basada en cifras publicadas federalmente y f\u00f3rmulas normalmente aceptadas.<\/p>\n\n\n\n<p>FOB: FOB es la f\u00e1brica del fabricante, a menos que se especifique lo contrario. Se a\u00f1adir\u00e1 el flete. Los cargos por flete para los env\u00edos desde AMED-US incluir\u00e1n el flete entrante del proveedor. Los t\u00e9rminos FOB distintos a los mencionados anteriormente deben ser acordados y aceptados por escrito por AMED-US.<\/p>\n\n\n\n<p>Transporte: AMED-US se reserva el derecho de enviar a trav\u00e9s de los transportistas que, a nuestro criterio, sean los m\u00e1s eficientes. Cualquier da\u00f1o o p\u00e9rdida durante el transporte debe ser reclamado al transportista.<\/p>\n\n\n\n<p>Materiales Peligrosos: El comprador acuerda eximir a AMED-US de toda responsabilidad por da\u00f1os directos, consecuentes y de cualquier tipo causados por Materiales Peligrosos encontrados en el Sitio de Trabajo. La remoci\u00f3n y disposici\u00f3n de dichos materiales es responsabilidad de terceros, y AMED-US se reserva el derecho de cobrar cualquier costo (tanto directo como consecuente) incurrido como resultado del manejo o exposici\u00f3n a Materiales Peligrosos en las instalaciones del comprador o en el sitio de trabajo al cual el comprador dirija que se entregue el producto.<\/p>\n\n\n\n<p>Instalaci\u00f3n: AMED-US no instala el equipo comprado por el comprador a menos que se acuerde por escrito y con antelaci\u00f3n a la entrega. Es responsabilidad del cliente asegurar la instalaci\u00f3n adecuada del equipo de acuerdo con las instrucciones del fabricante.<\/p>\n\n\n\n<p>Facturaci\u00f3n: La facturaci\u00f3n comenzar\u00e1 dentro de los t\u00e9rminos de entrega del pedido y tan pronto como los productos est\u00e9n listos para el env\u00edo. Si el env\u00edo se retrasa a solicitud del cliente, la facturaci\u00f3n y el pago continuar\u00e1n y los productos se almacenar\u00e1n en una zona separada de nuestro almac\u00e9n durante un m\u00e1ximo de 30 d\u00edas sin cargo alguno, despu\u00e9s de lo cual AMED-US podr\u00eda aplicar un cargo diario por almacenamiento.<\/p>\n\n\n\n<p>Responsabilidad: AMED-US no se hace responsable por da\u00f1os consecuenciales debido al fallo de los bienes en cumplir con lo esperado, sin importar la raz\u00f3n. Cualquier garant\u00eda aplicable estar\u00e1 cubierta bajo la garant\u00eda del fabricante. Al aceptar los bienes adquiridos en esta factura, el Comprador acepta que la responsabilidad de AMED-US se limita al costo de los bienes fabricados. Cuentas Pendientes: Todas las cuentas pendientes m\u00e1s all\u00e1 de los T\u00e9rminos de Pago acordados estar\u00e1n sujetas a un cargo por intereses que no exceder\u00e1 el 1.5% mensual. La tasa de cargo financiero equivale a una tasa de inter\u00e9s anual del 18%.<\/p>\n\n\n\n<p>Entrega parcial: AMED-US aceptar\u00e1 pedidos con entrega parcial si se solicita en diferentes fechas. Tal entrega parcial no conllevar\u00e1 ninguna penalizaci\u00f3n.<\/p>\n\n\n\n<p>Pago: Los t\u00e9rminos de pago de AMED-US son Neto 30 d\u00edas\/t\u00e9rminos contractuales a partir de la fecha de la factura. Los t\u00e9rminos de pago diferentes a Neto 30 d\u00edas deben ser acordados y aceptados por escrito por parte de AMED-US antes de aceptar el pedido.<\/p>\n\n\n\n<p>Rendimiento: Todos los productos suministrados cumplen con las normas de rendimiento aplicables en nuestras instalaciones ubicadas en todo el estado de Florida, EE.UU. Cualquier costo incurrido para cumplir con las normas de rendimiento en el \u00e1rea donde se utilizar\u00e1 el producto ser\u00e1 cargado a la cuenta del comprador.<\/p>\n\n\n\n<p>Orden de Compra: Al aceptar los bienes descritos en la factura adjunta o asociada a la presente, el Comprador acepta todos los t\u00e9rminos y condiciones.<\/p>\n\n\n\n<p>Especificaci\u00f3n: Salvo indicaci\u00f3n contraria, todos los productos son fabricados conforme a las especificaciones correspondientes indicadas en nuestra cotizaci\u00f3n y material de presentaci\u00f3n, que reflejan el acuerdo final de AMED-US respecto a dichas especificaciones.<\/p>\n\n\n\n<p>Impuestos y Cargos: Cualquier impuesto sobre ventas, uso, ocupacional u otro impuesto impuesto al vendedor durante esta venta se agregar\u00e1 al precio de venta. Se aplican todos los impuestos federales, estatales y locales sobre ventas y uso correspondientes a menos que se proporcione un Certificado de Exenci\u00f3n de Impuestos sobre Ventas adecuado en el momento del pedido.<\/p>\n\n\n\n<p><strong>AMED-US no es un distribuidor autorizado ni representante de los productos presentados en este sitio web. Todos los nombres de productos, marcas comerciales, marcas y logotipos utilizados en este sitio son propiedad de sus respectivos due\u00f1os. La representaci\u00f3n, descripci\u00f3n o venta de productos que presenten estos nombres, marcas comerciales, marcas y logotipos es solo con fines de identificaci\u00f3n y no pretende indicar ninguna afiliaci\u00f3n o autorizaci\u00f3n por parte de los titulares de los derechos.<\/strong><\/p>\n","protected":false},"excerpt":{"rendered":"<p>Aceptaci\u00f3n: Todos los pedidos est\u00e1n sujetos al reconocimiento y aceptaci\u00f3n por escrito de AMED-US. Estos t\u00e9rminos y condiciones se aceptan al recibir la entrega de los bienes reflejados en la factura adjunta o asociada a la misma. Arbitraje: Cualquier disputa surgida o relacionada con esta factura se resolver\u00e1 mediante arbitraje en Miami, Florida, conforme a [&hellip;]<\/p>\n","protected":false},"author":1,"featured_media":0,"parent":0,"menu_order":0,"comment_status":"closed","ping_status":"closed","template":"privacy_policy.php","meta":{"_acf_changed":false,"inline_featured_image":false,"footnotes":""},"class_list":["post-4207","page","type-page","status-publish","hentry"],"acf":[],"_links":{"self":[{"href":"https:\/\/pumps.vovtest.isolly.com\/es\/wp-json\/wp\/v2\/pages\/4207","targetHints":{"allow":["GET"]}}],"collection":[{"href":"https:\/\/pumps.vovtest.isolly.com\/es\/wp-json\/wp\/v2\/pages"}],"about":[{"href":"https:\/\/pumps.vovtest.isolly.com\/es\/wp-json\/wp\/v2\/types\/page"}],"author":[{"embeddable":true,"href":"https:\/\/pumps.vovtest.isolly.com\/es\/wp-json\/wp\/v2\/users\/1"}],"replies":[{"embeddable":true,"href":"https:\/\/pumps.vovtest.isolly.com\/es\/wp-json\/wp\/v2\/comments?post=4207"}],"version-history":[{"count":7,"href":"https:\/\/pumps.vovtest.isolly.com\/es\/wp-json\/wp\/v2\/pages\/4207\/revisions"}],"predecessor-version":[{"id":5751,"href":"https:\/\/pumps.vovtest.isolly.com\/es\/wp-json\/wp\/v2\/pages\/4207\/revisions\/5751"}],"wp:attachment":[{"href":"https:\/\/pumps.vovtest.isolly.com\/es\/wp-json\/wp\/v2\/media?parent=4207"}],"curies":[{"name":"wp","href":"https:\/\/api.w.org\/{rel}","templated":true}]}}