{"id":5498,"date":"2024-07-17T16:43:16","date_gmt":"2024-07-17T16:43:16","guid":{"rendered":"https:\/\/all-motors.vovtest.isolly.com\/terminos-y-condiciones-de-la-factura\/"},"modified":"2024-07-17T16:53:04","modified_gmt":"2024-07-17T16:53:04","slug":"terminos-y-condiciones-de-la-factura","status":"publish","type":"page","link":"https:\/\/pumps.vovtest.isolly.com\/es\/terminos-y-condiciones-de-la-factura\/","title":{"rendered":"T\u00e9rminos y Condiciones de la Factura"},"content":{"rendered":"\n<p>T\u00e9rminos y Condiciones T\u00e9rminos de Pago:<\/p>\n\n<p>Todos los pagos deben realizarse al recibir la factura, a menos que se acuerde lo contrario por escrito con All Motors and Equipment Direct (AMED-US).<\/p>\n\n<p>Pagos atrasados: Los pagos no recibidos dentro de los 30 d\u00edas posteriores a la fecha de la factura incurrir\u00e1n en un cargo por mora de 1.5% mensual sobre el saldo pendiente o el m\u00e1ximo permitido por la ley, lo que sea menor.<\/p>\n\n<p>M\u00e9todos de Pago: Los pagos pueden realizarse mediante transferencia bancaria, tarjeta de cr\u00e9dito o cheque. Las instrucciones detalladas de pago se proporcionar\u00e1n en la factura.<\/p>\n\n<p>Disputas y Ajustes: Cualquier disputa o solicitud de ajuste debe comunicarse por escrito dentro de los tres d\u00edas siguientes a la fecha de la factura. La falta de notificaci\u00f3n a AMED-US dentro de este per\u00edodo implicar\u00e1 la aceptaci\u00f3n de la factura tal como est\u00e1.<\/p>\n\n<p>Pagos Devueltos: Se cobrar\u00e1 una tarifa de $35 por cualquier pago devuelto debido a fondos insuficientes u otras razones.<\/p>\n\n<p>Impuestos: Todos los impuestos, tarifas y derechos aplicables son responsabilidad del cliente y se a\u00f1adir\u00e1n al monto de la factura a menos que se proporcione un certificado v\u00e1lido de exenci\u00f3n de impuestos.<\/p>\n\n<p>Moneda: Todas las facturas se emiten y deben pagarse en USD, a menos que se especifique lo contrario.<\/p>\n\n<p>Propiedad: La propiedad de los bienes suministrados por AMED-US permanece con AMED-US hasta que se reciba el pago completo. Entrega y Riesgo: El riesgo de p\u00e9rdida o da\u00f1o de los bienes pasa al cliente en el momento de la entrega. Cualquier reclamo por faltantes o da\u00f1os debe hacerse dentro de los tres d\u00edas posteriores a la recepci\u00f3n. Garant\u00eda: Los productos suministrados por AMED-US est\u00e1n cubiertos por la garant\u00eda del fabricante. Cualquier reclamo bajo la garant\u00eda debe hacerse directamente con el fabricante. Responsabilidad: La responsabilidad de AMED-US por cualquier reclamo, ya sea contractual, extracontractual o de otro tipo, que surja o est\u00e9 relacionado con la provisi\u00f3n de bienes y servicios no exceder\u00e1 el precio de compra de los bienes o servicios proporcionados. Ley Aplicable: Estos t\u00e9rminos y condiciones se rigen y se interpretan de acuerdo con las leyes del Estado de Florida. Cualquier disputa que surja bajo o en conexi\u00f3n con estos t\u00e9rminos y condiciones se resolver\u00e1 en los tribunales de Miami, Florida. Enmiendas: AMED-US se reserva el derecho de enmendar estos t\u00e9rminos y condiciones en cualquier momento. Se notificar\u00e1 a los clientes sobre cualquier cambio.<\/p>\n","protected":false},"excerpt":{"rendered":"<p>T\u00e9rminos y Condiciones T\u00e9rminos de Pago: Todos los pagos deben realizarse al recibir la factura, a menos que se acuerde lo contrario por escrito con All Motors and Equipment Direct (AMED-US). Pagos atrasados: Los pagos no recibidos dentro de los 30 d\u00edas posteriores a la fecha de la factura incurrir\u00e1n en un cargo por mora [&hellip;]<\/p>\n","protected":false},"author":1,"featured_media":0,"parent":0,"menu_order":0,"comment_status":"closed","ping_status":"closed","template":"privacy_policy.php","meta":{"_acf_changed":false,"inline_featured_image":false,"footnotes":""},"class_list":["post-5498","page","type-page","status-publish","hentry"],"acf":[],"_links":{"self":[{"href":"https:\/\/pumps.vovtest.isolly.com\/es\/wp-json\/wp\/v2\/pages\/5498","targetHints":{"allow":["GET"]}}],"collection":[{"href":"https:\/\/pumps.vovtest.isolly.com\/es\/wp-json\/wp\/v2\/pages"}],"about":[{"href":"https:\/\/pumps.vovtest.isolly.com\/es\/wp-json\/wp\/v2\/types\/page"}],"author":[{"embeddable":true,"href":"https:\/\/pumps.vovtest.isolly.com\/es\/wp-json\/wp\/v2\/users\/1"}],"replies":[{"embeddable":true,"href":"https:\/\/pumps.vovtest.isolly.com\/es\/wp-json\/wp\/v2\/comments?post=5498"}],"version-history":[{"count":1,"href":"https:\/\/pumps.vovtest.isolly.com\/es\/wp-json\/wp\/v2\/pages\/5498\/revisions"}],"predecessor-version":[{"id":5499,"href":"https:\/\/pumps.vovtest.isolly.com\/es\/wp-json\/wp\/v2\/pages\/5498\/revisions\/5499"}],"wp:attachment":[{"href":"https:\/\/pumps.vovtest.isolly.com\/es\/wp-json\/wp\/v2\/media?parent=5498"}],"curies":[{"name":"wp","href":"https:\/\/api.w.org\/{rel}","templated":true}]}}