{"id":5504,"date":"2024-07-17T16:56:34","date_gmt":"2024-07-17T16:56:34","guid":{"rendered":"https:\/\/all-motors.vovtest.isolly.com\/aviso-de-tarifas\/"},"modified":"2024-07-17T17:02:35","modified_gmt":"2024-07-17T17:02:35","slug":"aviso-de-tarifas","status":"publish","type":"page","link":"https:\/\/pumps.vovtest.isolly.com\/es\/aviso-de-tarifas\/","title":{"rendered":"Aviso de Tarifas"},"content":{"rendered":"\n<p>Todas las transacciones con tarjetas de cr\u00e9dito\/d\u00e9bito con AMED-US.<\/p>\n\n<p>Incluya una comisi\u00f3n de servicio del 2% sobre el monto de la transacci\u00f3n.<\/p>\n\n<p>\u2022 Para su protecci\u00f3n, el usuario de la tarjeta de cr\u00e9dito debe llamar a nuestra oficina y realizar<\/p>\n\n<p>Arreglos de pago con nuestro oficial de contabilidad.<\/p>\n\n<p>\u2022 Todas las transferencias bancarias est\u00e1n sujetas a una tarifa de transferencia bancaria de $35.00 que se a\u00f1adir\u00e1 a su pedido.<\/p>\n\n<p>\u2022 Opciones alternativas de pago siguen disponibles sin cargos adicionales. Estas incluyen el pago directo por ACH.<\/p>\n","protected":false},"excerpt":{"rendered":"<p>Todas las transacciones con tarjetas de cr\u00e9dito\/d\u00e9bito con AMED-US. Incluya una comisi\u00f3n de servicio del 2% sobre el monto de la transacci\u00f3n. \u2022 Para su protecci\u00f3n, el usuario de la tarjeta de cr\u00e9dito debe llamar a nuestra oficina y realizar Arreglos de pago con nuestro oficial de contabilidad. \u2022 Todas las transferencias bancarias est\u00e1n sujetas [&hellip;]<\/p>\n","protected":false},"author":1,"featured_media":0,"parent":0,"menu_order":0,"comment_status":"closed","ping_status":"closed","template":"privacy_policy.php","meta":{"_acf_changed":false,"inline_featured_image":false,"footnotes":""},"class_list":["post-5504","page","type-page","status-publish","hentry"],"acf":[],"_links":{"self":[{"href":"https:\/\/pumps.vovtest.isolly.com\/es\/wp-json\/wp\/v2\/pages\/5504","targetHints":{"allow":["GET"]}}],"collection":[{"href":"https:\/\/pumps.vovtest.isolly.com\/es\/wp-json\/wp\/v2\/pages"}],"about":[{"href":"https:\/\/pumps.vovtest.isolly.com\/es\/wp-json\/wp\/v2\/types\/page"}],"author":[{"embeddable":true,"href":"https:\/\/pumps.vovtest.isolly.com\/es\/wp-json\/wp\/v2\/users\/1"}],"replies":[{"embeddable":true,"href":"https:\/\/pumps.vovtest.isolly.com\/es\/wp-json\/wp\/v2\/comments?post=5504"}],"version-history":[{"count":1,"href":"https:\/\/pumps.vovtest.isolly.com\/es\/wp-json\/wp\/v2\/pages\/5504\/revisions"}],"predecessor-version":[{"id":5505,"href":"https:\/\/pumps.vovtest.isolly.com\/es\/wp-json\/wp\/v2\/pages\/5504\/revisions\/5505"}],"wp:attachment":[{"href":"https:\/\/pumps.vovtest.isolly.com\/es\/wp-json\/wp\/v2\/media?parent=5504"}],"curies":[{"name":"wp","href":"https:\/\/api.w.org\/{rel}","templated":true}]}}